{"id":125,"date":"2018-05-04T19:13:29","date_gmt":"2018-05-04T22:13:29","guid":{"rendered":"http:\/\/sanbrunos.com.br\/novo\/?page_id=125"},"modified":"2025-11-21T16:06:58","modified_gmt":"2025-11-21T19:06:58","slug":"paes-de-metro-e-bolos","status":"publish","type":"page","link":"https:\/\/sanbrunos.com.br\/novo\/?page_id=125","title":{"rendered":"P\u00e3es de Metro"},"content":{"rendered":"<p>[vc_row][vc_column][vc_column_text]<\/p>\n<p>Eu sou um bloco de texto. Clique no bot\u00e3o Editar (L\u00e1pis) para alterar o conte\u00fado deste elemento.<\/p>\n<p>[\/vc_column_text][\/vc_column][\/vc_row]<\/p>\n","protected":false},"excerpt":{"rendered":"<p>[vc_row][vc_column][vc_column_text] Eu sou um bloco de texto. Clique no bot\u00e3o Editar (L\u00e1pis) para alterar o conte\u00fado deste elemento. [\/vc_column_text][\/vc_column][\/vc_row]<\/p>\n","protected":false},"author":1,"featured_media":0,"parent":0,"menu_order":0,"comment_status":"closed","ping_status":"closed","template":"","meta":[],"_links":{"self":[{"href":"https:\/\/sanbrunos.com.br\/novo\/index.php?rest_route=\/wp\/v2\/pages\/125"}],"collection":[{"href":"https:\/\/sanbrunos.com.br\/novo\/index.php?rest_route=\/wp\/v2\/pages"}],"about":[{"href":"https:\/\/sanbrunos.com.br\/novo\/index.php?rest_route=\/wp\/v2\/types\/page"}],"author":[{"embeddable":true,"href":"https:\/\/sanbrunos.com.br\/novo\/index.php?rest_route=\/wp\/v2\/users\/1"}],"replies":[{"embeddable":true,"href":"https:\/\/sanbrunos.com.br\/novo\/index.php?rest_route=%2Fwp%2Fv2%2Fcomments&post=125"}],"version-history":[{"count":3,"href":"https:\/\/sanbrunos.com.br\/novo\/index.php?rest_route=\/wp\/v2\/pages\/125\/revisions"}],"predecessor-version":[{"id":288,"href":"https:\/\/sanbrunos.com.br\/novo\/index.php?rest_route=\/wp\/v2\/pages\/125\/revisions\/288"}],"wp:attachment":[{"href":"https:\/\/sanbrunos.com.br\/novo\/index.php?rest_route=%2Fwp%2Fv2%2Fmedia&parent=125"}],"curies":[{"name":"wp","href":"https:\/\/api.w.org\/{rel}","templated":true}]}}