{"id":286,"date":"2020-10-08T15:30:22","date_gmt":"2020-10-08T18:30:22","guid":{"rendered":"https:\/\/sanbrunos.com.br\/novo\/?page_id=286"},"modified":"2025-11-21T15:36:16","modified_gmt":"2025-11-21T18:36:16","slug":"bolos","status":"publish","type":"page","link":"https:\/\/sanbrunos.com.br\/novo\/?page_id=286","title":{"rendered":"Bolos"},"content":{"rendered":"<p>[vc_row][vc_column][vc_column_text]<\/p>\n<p>Eu sou um bloco de texto. Clique no bot\u00e3o Editar (L\u00e1pis) para alterar o conte\u00fado deste elemento.<\/p>\n<p>[\/vc_column_text][\/vc_column][\/vc_row]<\/p>\n","protected":false},"excerpt":{"rendered":"<p>[vc_row][vc_column][vc_column_text] Eu sou um bloco de texto. Clique no bot\u00e3o Editar (L\u00e1pis) para alterar o conte\u00fado deste elemento. [\/vc_column_text][\/vc_column][\/vc_row]<\/p>\n","protected":false},"author":1,"featured_media":0,"parent":0,"menu_order":0,"comment_status":"closed","ping_status":"closed","template":"","meta":[],"_links":{"self":[{"href":"https:\/\/sanbrunos.com.br\/novo\/index.php?rest_route=\/wp\/v2\/pages\/286"}],"collection":[{"href":"https:\/\/sanbrunos.com.br\/novo\/index.php?rest_route=\/wp\/v2\/pages"}],"about":[{"href":"https:\/\/sanbrunos.com.br\/novo\/index.php?rest_route=\/wp\/v2\/types\/page"}],"author":[{"embeddable":true,"href":"https:\/\/sanbrunos.com.br\/novo\/index.php?rest_route=\/wp\/v2\/users\/1"}],"replies":[{"embeddable":true,"href":"https:\/\/sanbrunos.com.br\/novo\/index.php?rest_route=%2Fwp%2Fv2%2Fcomments&post=286"}],"version-history":[{"count":1,"href":"https:\/\/sanbrunos.com.br\/novo\/index.php?rest_route=\/wp\/v2\/pages\/286\/revisions"}],"predecessor-version":[{"id":287,"href":"https:\/\/sanbrunos.com.br\/novo\/index.php?rest_route=\/wp\/v2\/pages\/286\/revisions\/287"}],"wp:attachment":[{"href":"https:\/\/sanbrunos.com.br\/novo\/index.php?rest_route=%2Fwp%2Fv2%2Fmedia&parent=286"}],"curies":[{"name":"wp","href":"https:\/\/api.w.org\/{rel}","templated":true}]}}